{"id":60139,"date":"2013-11-25T21:30:40","date_gmt":"2013-11-25T20:30:40","guid":{"rendered":"http:\/\/www.pauljorion.com\/blog\/?page_id=60139"},"modified":"2025-09-29T19:10:08","modified_gmt":"2025-09-29T17:10:08","slug":"les-billets-de-jeanne-favret-saada","status":"publish","type":"page","link":"https:\/\/www.pauljorion.com\/blog\/les-billets-de-jeanne-favret-saada\/","title":{"rendered":"Les billets de Jeanne Favret-Saada"},"content":{"rendered":"<p><a href=\"http:\/\/www.pauljorion.com\/blog\/?p=60090\">Un tueur fou-pas-fou<\/a>, le 21 novembre 2013<\/p>\n<p><a href=\"http:\/\/www.pauljorion.com\/blog\/?p=59999\">Des \u00ab\u00a0Sunday Assemblies\u00a0\u00bb sans dieu<\/a>, le 15 novembre 2013<\/p>\n<p><a href=\"http:\/\/www.pauljorion.com\/blog\/?p=59653\">Comment avertir de ce que tout le monde sait d\u00e9j\u00e0 sans le reconna\u00eetre ?<\/a>, le 5 novembre 2013<\/p>\n<p><a href=\"http:\/\/www.pauljorion.com\/blog\/?p=58439\">\u00ab\u00a0C&rsquo;est la seule qui dit la v\u00e9rit\u00e9\u00a0\u00bb<\/a>, le 18 septembre 2013<\/p>\n<p><a href=\"http:\/\/www.pauljorion.com\/blog\/?p=58059\">Le suppos\u00e9 \u00ab\u00a0fourvoiement fondateur\u00a0\u00bb de Foucault<\/a>, le 3 septembre 2013<\/p>\n<p><a href=\"http:\/\/www.pauljorion.com\/blog\/?p=57860\">Pour le chantier \u00ab Se passer de la <u>volont\u00e9<\/u> et de l&rsquo;<u>intention<\/u> \u00bb<\/a>, le 29 ao\u00fbt 2013<\/p>\n<p><a href=\"http:\/\/www.pauljorion.com\/blog\/?p=57806\">D\u00e9bats possibles et impossibles avec les catholiques convaincus<\/a>, le 28 ao\u00fbt 2013<\/p>\n<p><a href=\" http:\/\/www.pauljorion.com\/blog\/?p=57412\">La complexit\u00e9 \u00e9gyptienne<\/a>, le 17 ao\u00fbt 2013<\/p>\n<p><a href=\"http:\/\/www.pauljorion.com\/blog\/?p=57334\">L&rsquo;\u00c9gypte entre th\u00e9ocrates et \u00e9radicateurs<\/a>,le 15 ao\u00fbt 2013<\/p>\n<p><a href=\"http:\/\/www.pauljorion.com\/blog\/?p=56714\">La maman et la putain<\/a>, le 26 juillet 2013<\/p>\n<p><a href=\"http:\/\/www.pauljorion.com\/blog\/?p=56369\">Prends toujours les choses du bon c\u00f4t\u00e9 !<\/a>, le 14 juillet 2013<\/p>\n<p><a href=\"http:\/\/www.pauljorion.com\/blog\/?p=56334\">Mais s&rsquo;agit-il d&rsquo;un d\u00e9bat d&rsquo;id\u00e9es entre AncestraL et Francis Arness ?<\/a>, le 13 juillet 2013<\/p>\n<p><a href=\"http:\/\/www.pauljorion.com\/blog\/?p=55224\">Les r\u00e9actions du Parti Socialiste \u00e0 l\u2019appel \u00e0 l\u2019\u00ab abolition des privil\u00e8ges \u00bb<\/a>, le 20 juin 2013<\/p>\n<p><a href=\"http:\/\/www.pauljorion.com\/blog\/?p=55155\">Sentir le peuple, punir l&rsquo;opinion<\/a>, le 19 juin 2013<\/p>\n<p><a href=\"http:\/\/www.pauljorion.com\/blog\/?p=52668\">Les forces politiques sans nom n\u00e9es de simples conjonctions de faits<\/a>, le 20 avril 2013<\/p>\n","protected":false},"excerpt":{"rendered":"<p><a href=\"http:\/\/www.pauljorion.com\/blog\/?p=60090\">Un tueur fou-pas-fou<\/a>, le 21 novembre 2013<\/p>\n<p><a href=\"http:\/\/www.pauljorion.com\/blog\/?p=59999\">Des \u00ab\u00a0Sunday Assemblies\u00a0\u00bb sans dieu<\/a>, le 15 novembre 2013<\/p>\n<p><a href=\"http:\/\/www.pauljorion.com\/blog\/?p=59653\">Comment avertir de ce que tout le monde sait d\u00e9j\u00e0 sans le reconna\u00eetre ?<\/a>, le 5 novembre 2013<\/p>\n<p><a href=\"http:\/\/www.pauljorion.com\/blog\/?p=58439\">\u00ab\u00a0C&rsquo;est la seule qui dit la v\u00e9rit\u00e9\u00a0\u00bb<\/a>, le 18 septembre 2013<\/p>\n<p><a href=\"http:\/\/www.pauljorion.com\/blog\/?p=58059\">Le suppos\u00e9 \u00ab\u00a0fourvoiement fondateur\u00a0\u00bb de [&hellip;]<\/a><\/p>\n","protected":false},"author":38,"featured_media":0,"parent":0,"menu_order":12,"comment_status":"closed","ping_status":"closed","template":"","meta":{"footnotes":""},"class_list":["post-60139","page","type-page","status-publish","hentry"],"_links":{"self":[{"href":"https:\/\/www.pauljorion.com\/blog\/wp-json\/wp\/v2\/pages\/60139","targetHints":{"allow":["GET"]}}],"collection":[{"href":"https:\/\/www.pauljorion.com\/blog\/wp-json\/wp\/v2\/pages"}],"about":[{"href":"https:\/\/www.pauljorion.com\/blog\/wp-json\/wp\/v2\/types\/page"}],"author":[{"embeddable":true,"href":"https:\/\/www.pauljorion.com\/blog\/wp-json\/wp\/v2\/users\/38"}],"replies":[{"embeddable":true,"href":"https:\/\/www.pauljorion.com\/blog\/wp-json\/wp\/v2\/comments?post=60139"}],"version-history":[{"count":3,"href":"https:\/\/www.pauljorion.com\/blog\/wp-json\/wp\/v2\/pages\/60139\/revisions"}],"predecessor-version":[{"id":103137,"href":"https:\/\/www.pauljorion.com\/blog\/wp-json\/wp\/v2\/pages\/60139\/revisions\/103137"}],"wp:attachment":[{"href":"https:\/\/www.pauljorion.com\/blog\/wp-json\/wp\/v2\/media?parent=60139"}],"curies":[{"name":"wp","href":"https:\/\/api.w.org\/{rel}","templated":true}]}}