{"id":98633,"date":"2017-09-02T07:41:31","date_gmt":"2017-09-02T05:41:31","guid":{"rendered":"http:\/\/www.pauljorion.com\/blog\/?page_id=98633"},"modified":"2025-09-29T19:11:25","modified_gmt":"2025-09-29T17:11:25","slug":"mes-videos-les-plus-vues","status":"publish","type":"page","link":"https:\/\/www.pauljorion.com\/blog\/mes-videos-les-plus-vues\/","title":{"rendered":"Mes vid\u00e9os les plus vues"},"content":{"rendered":"<p>1. Le 8 janvier 2019 &#8211; \u00ab\u00a0Comment les \u00ab\u00a0\u00e9lites\u00a0\u00bb nous m\u00e8nent au d\u00e9sastre\u00a0\u00bb<\/p>\n<p><iframe loading=\"lazy\" src=\"https:\/\/www.youtube.com\/embed\/4dGso9v3iu0\" width=\"700\" height=\"450\" frameborder=\"0\" allowfullscreen=\"allowfullscreen\"><\/iframe><\/p>\n<p>2 &#8211; Le 28 novembre 2017 &#8211; \u00ab\u00a0Lors de la prochaine crise, les gens qui ont de l&rsquo;argent devront renflouer les caisses\u00a0\u00bb<\/p>\n<p><iframe loading=\"lazy\" src=\"https:\/\/www.youtube.com\/embed\/OzKS1Brauw8\" width=\"700\" height=\"450\" frameborder=\"0\" allowfullscreen=\"allowfullscreen\"><\/iframe><\/p>\n<p>3 &#8211; Le 9 juin 2009 &#8211; L&rsquo;homme qui avait pr\u00e9dit la crise des subprimes<\/p>\n<p><iframe loading=\"lazy\" src=\"\/\/www.dailymotion.com\/embed\/video\/xjofzk\" width=\"700\" height=\"450\" frameborder=\"0\" allowfullscreen=\"allowfullscreen\"><\/iframe><\/p>\n<p>4 &#8211; Le 2 octobre 2012 &#8211; \u00ab\u00a0Le travail dispara\u00eet !\u00a0\u00bb<\/p>\n<p><iframe loading=\"lazy\" width=\"700\" height=\"450\" src=\"https:\/\/www.youtube.com\/embed\/a6OXyeG8Bq0\" frameborder=\"0\" allow=\"accelerometer; autoplay; encrypted-media; gyroscope; picture-in-picture\" allowfullscreen><\/iframe><\/p>\n<p>5 &#8211; Le 4 f\u00e9vrier 2010 &#8211; La dette ? Un pr\u00e9texte pour d\u00e9truire l&rsquo;\u00c9tat-providence<\/p>\n<p><iframe loading=\"lazy\" src=\"https:\/\/www.youtube.com\/embed\/PM9dPKFqrLA\" width=\"700\" height=\"450\" frameborder=\"0\" allowfullscreen=\"allowfullscreen\"><\/iframe><\/p>\n<p>6 &#8211; Le 13 septembre 2011 &#8211; \u00ab\u00a0Moi je prends les catastrophes au s\u00e9rieux&#8230;\u00a0\u00bb<\/p>\n<p><iframe loading=\"lazy\" src=\"https:\/\/www.youtube.com\/embed\/ll2_iZdaRFY\" width=\"700\" height=\"450\" frameborder=\"0\" allowfullscreen=\"allowfullscreen\"><\/iframe><\/p>\n<p>7 &#8211; Le 20 octobre 2011 &#8211; \u00ab\u00a0Le grand myst\u00e8re des choses enfin r\u00e9v\u00e9l\u00e9\u00a0\u00bb<\/p>\n<p><iframe loading=\"lazy\" src=\"\/\/www.dailymotion.com\/embed\/video\/xlt4h0\" width=\"700\" height=\"450\" frameborder=\"0\" allowfullscreen=\"allowfullscreen\"><\/iframe><\/p>\n<p>8 &#8211; Le 4 octobre 2012 &#8211; Le capitalisme conduit in\u00e9luctablement \u00e0 l&rsquo;extinction<\/p>\n<p><iframe loading=\"lazy\" src=\"https:\/\/www.youtube.com\/embed\/_k0SUKUYR10\" width=\"700\" height=\"450\" frameborder=\"0\" allowfullscreen=\"allowfullscreen\"><\/iframe><\/p>\n<p>9 &#8211; Le 30 novembre 2011 &#8211; Le clash avec Brice Couturier sur France Culture<\/p>\n<p><iframe loading=\"lazy\" src=\"https:\/\/www.youtube.com\/embed\/zP6RkcglNvs\" width=\"700\" height=\"450\" frameborder=\"0\" allowfullscreen=\"allowfullscreen\"><\/iframe><\/p>\n<p>10 &#8211; Le 20 avril 2012 &#8211; Quel que soit le nouveau pr\u00e9sident, un programme ultralib\u00e9ral sera mis en \u0153uvre<\/p>\n<p><iframe loading=\"lazy\" src=\"\/\/www.dailymotion.com\/embed\/video\/xq904c\" width=\"700\" height=\"450\" frameborder=\"0\" allowfullscreen=\"allowfullscreen\"><\/iframe><\/p>\n<p>11 &#8211; Le 2 mars 2016 &#8211; Comprendre les temps qui sont les n\u00f4tres<\/p>\n<p><iframe loading=\"lazy\" src=\"https:\/\/www.youtube.com\/embed\/DZqE7kgpkUE\" width=\"700\" height=\"450\" frameborder=\"0\" allowfullscreen=\"allowfullscreen\"><\/iframe><\/p>\n<p>12 &#8211; Le 26 avril 2016 &#8211; L&rsquo;esp\u00e8ce humaine pourrait \u00eatre ray\u00e9e de la carte en moins de 3 g\u00e9n\u00e9rations<\/p>\n<p><iframe loading=\"lazy\" src=\"https:\/\/www.youtube.com\/embed\/A-oNWuWjCRA\" width=\"700\" height=\"450\" frameborder=\"0\" allowfullscreen=\"allowfullscreen\"><\/iframe><\/p>\n<p>13 &#8211; Le 15 mars 2012 &#8211; Paul Jorion, un anthropologue au pays des subprimes<\/p>\n<p><iframe loading=\"lazy\" src=\"https:\/\/www.youtube.com\/embed\/6sWeaJ5vZqg\" width=\"700\" height=\"450\" frameborder=\"0\" allowfullscreen=\"allowfullscreen\"><\/iframe><\/p>\n<p>14 &#8211; Le 6 d\u00e9cembre 2018 &#8211; Gilets jaunes \/ Post-v\u00e9rit\u00e9 : m\u00eame combat !<\/p>\n<p><iframe loading=\"lazy\" src=\"https:\/\/www.youtube.com\/embed\/A98oWo3dY1Q\" width=\"700\" height=\"450\" frameborder=\"0\" allowfullscreen=\"allowfullscreen\"><\/iframe><\/p>\n<p>15 &#8211; Le 19 juillet 2013 &#8211; (Le vrai) John Maynard Keynes<\/p>\n<p><iframe loading=\"lazy\" src=\"https:\/\/www.youtube.com\/embed\/DSy0uy1Jolc\" width=\"700\" height=\"450\" frameborder=\"0\" allowfullscreen=\"allowfullscreen\"><\/iframe><\/p>\n","protected":false},"excerpt":{"rendered":"<p>1. Le 8 janvier 2019 &#8211; \u00ab\u00a0Comment les \u00ab\u00a0\u00e9lites\u00a0\u00bb nous m\u00e8nent au d\u00e9sastre\u00a0\u00bb<\/p>\n<p><iframe loading=\"lazy\" src=\"https:\/\/www.youtube.com\/embed\/4dGso9v3iu0\" width=\"700\" height=\"450\" frameborder=\"0\" allowfullscreen=\"allowfullscreen\"><\/iframe><\/p>\n<p>2 &#8211; Le 28 novembre 2017 &#8211; \u00ab\u00a0Lors de la prochaine crise, les gens qui ont de l&rsquo;argent devront renflouer les caisses\u00a0\u00bb<\/p>\n<p><iframe loading=\"lazy\" src=\"https:\/\/www.youtube.com\/embed\/OzKS1Brauw8\" width=\"700\" height=\"450\" frameborder=\"0\" allowfullscreen=\"allowfullscreen\"><\/iframe><\/p>\n<p>3 &#8211; Le 9 juin 2009 &#8211; L&rsquo;homme [&hellip;]<\/p>\n","protected":false},"author":1,"featured_media":0,"parent":0,"menu_order":18,"comment_status":"closed","ping_status":"closed","template":"","meta":{"footnotes":""},"class_list":["post-98633","page","type-page","status-publish","hentry"],"_links":{"self":[{"href":"https:\/\/www.pauljorion.com\/blog\/wp-json\/wp\/v2\/pages\/98633","targetHints":{"allow":["GET"]}}],"collection":[{"href":"https:\/\/www.pauljorion.com\/blog\/wp-json\/wp\/v2\/pages"}],"about":[{"href":"https:\/\/www.pauljorion.com\/blog\/wp-json\/wp\/v2\/types\/page"}],"author":[{"embeddable":true,"href":"https:\/\/www.pauljorion.com\/blog\/wp-json\/wp\/v2\/users\/1"}],"replies":[{"embeddable":true,"href":"https:\/\/www.pauljorion.com\/blog\/wp-json\/wp\/v2\/comments?post=98633"}],"version-history":[{"count":14,"href":"https:\/\/www.pauljorion.com\/blog\/wp-json\/wp\/v2\/pages\/98633\/revisions"}],"predecessor-version":[{"id":119373,"href":"https:\/\/www.pauljorion.com\/blog\/wp-json\/wp\/v2\/pages\/98633\/revisions\/119373"}],"wp:attachment":[{"href":"https:\/\/www.pauljorion.com\/blog\/wp-json\/wp\/v2\/media?parent=98633"}],"curies":[{"name":"wp","href":"https:\/\/api.w.org\/{rel}","templated":true}]}}