{"id":2,"date":"2007-03-03T11:14:30","date_gmt":"2007-03-03T10:14:30","guid":{"rendered":""},"modified":"2024-04-20T11:36:10","modified_gmt":"2024-04-20T09:36:10","slug":"a-propos","status":"publish","type":"page","link":"https:\/\/www.pauljorion.com\/blog_en\/a-propos\/","title":{"rendered":"Who am I?"},"content":{"rendered":"<p><b>Paul Jean Maurice Jorion<\/b><\/p>\n<p>Born on July 22d 1946 at Ixelles (Brussels), of Belgian nationality<\/p>\n<p><a href=\"http:\/\/en.wikipedia.org\/wiki\/Paul_Jorion\">Paul Jorion<\/a>\u00a0is, since March 1, 2016, Associate Professor of the Faculties of the <i>Catholic University of Lille<\/i>. He is President of <a href=\"https:\/\/www.pribor.io\/\" target=\"_blank\" rel=\"noopener\">pribor<\/a>, an artificial intelligence start-up developing SAM (<em>Self-Aware Machine<\/em>). He is also a columnist for the literary magazine <i>Quinzaines<\/i>.<\/p>\n<p>Paul Jorion was once a member of the <i>High Committee for the Future of the Belgian Financial Sector<\/i> and of the <i>Reflection Group on the Positive Economy<\/i> led by Jacques Attali. He was the first holder of the &#8220;Stewardship of Finance&#8221; special chair at the Vrije Universiteit Brussel (2012\/15).<\/p>\n<p>Jorion graduated in sociology and social anthropology (PhD in Social Sciences from the <i>Universit\u00e9 Libre de Bruxelles<\/i>): he was the student in Paris of Claude L\u00e9vi-Strauss (<i>Coll\u00e8ge de France<\/i>) and the mathematician Georges-Th\u00e9odule Guilbaud (<i>\u00c9cole Pratique des Hautes \u00c9tudes<\/i>) and in Cambridge of Meyer Fortes and Sir Edmund Leach, both students of Bronislaw Malinowski, the founding father of British social anthropology. He also trained as a psychoanalyst with the Jesuit psychoanalyst and philosopher Philippe Julien.<\/p>\n<p>Jorion taught social anthropology at the universities of Brussels (1977\/79), Cambridge (1979\/84) where he wrote his doctoral dissertation about his fieldwork as a sea fisherman, at the University of California at Irvine where he was Regents Lecturer (1997), also at the <i>Universit\u00e9 Catholique\u00a0de Lille<\/i> (2019-current). At Paris VIII University (1985\/86) he taught psychoanalysis. He solved during his time in Cambridge, in collaboration with Sir Edmund Leach and two mathematicians (Elaine Lally and Gis\u00e8le De Meur), two enigmas in kinship algebra: the cases of the Pende of Kasai (DRC) and of the Australian Murngin. He was a member of the <em>Human Complex Systems<\/em> research unit at the University of California at Los Angeles (UCLA) from 2004 to 2009.<\/p>\n<p>Jorion was also a United Nations (FAO) officer involved in development projects in Africa (1984\/87). He was a researcher and developer (Academic Fellow) in Artificial Intelligence as a member of the <i>British Telecom Connex project<\/i> (1987\/90), during which he developed the ANELLA piece of software (<i>Associative Network with Emergent Logical and Learning Abilities<\/i>) whose original feature resided in a memory model acted by an emotional dynamics operating on a universe of lexicon words, having adopted an approach inspired by his psychoanalytical training.<\/p>\n<p>Jorion worked (1998\/2007) as a pricing specialist, at Freud Lemos and at American Management Systems in London, and in California at top lenders IndyMac, Wells Fargo (San Francisco headquarters), Westlake Financial, finally as a risk manager at Countrywide where he forecast the brewing <em>subprime crisis<\/em> as far back as 2005. He had previously traded futures in a French bank (1990\/91). He has published a book in English on the impact of the Enron bankruptcy on the stock markets:\u00a0<i>Investing in a Post-Enron World<\/i>\u00a0(McGraw-Hill 2003). He played a pioneering role in the development of high frequency trading (at the <i>Bank of the European Union<\/i> in Paris, then at <i>Frontier &amp; Cos<\/i> with Ed Bosarge in Houston, Texas), as well as the development of the e-MITS software, a fully automated home loan allocation system for <i>IndyMac<\/i> in Pasadena (1998\/2002).<\/p>\n<p><b>Books<\/b><\/p>\n<ul>\n<li style=\"list-style-type: none;\">\n<ul>\n<li style=\"list-style-type: none;\">\n<ul>\n<li style=\"list-style-type: none;\">\n<ul>\n<li style=\"list-style-type: none;\">\n<ul>\n<li><i><\/i><i>Les p\u00eacheurs de Houat: anthropologie \u00e9conomique<\/i>, Collection Savoir, Hermann, Paris, 1983<\/li>\n<li><i><\/i><i>La transmission des savoirs<\/i> (with Genevi\u00e8ve Delbos), Editions de la Maison des Sciences de l&#8217;Homme, Paris, 1984, <a href=\"https:\/\/en.wikipedia.org\/wiki\/ISBN_(identifier)\">ISBN<\/a>\u00a0<a href=\"https:\/\/en.wikipedia.org\/wiki\/Special:BookSources\/2-7351-0113-4\">2-7351-0113-4<\/a><\/li>\n<li><i><\/i><i>Principes des syst\u00e8mes intelligents<\/i>, Dunod, Paris, 1997, <a href=\"https:\/\/en.wikipedia.org\/wiki\/ISBN_(identifier)\">ISBN<\/a>\u00a0<a href=\"https:\/\/en.wikipedia.org\/wiki\/Special:BookSources\/2-225-81938-6\">2-225-81938-6<\/a> (original ed. Masson, 1990).<\/li>\n<li><i><\/i><i>Investing in a Post-Enron World<\/i>, McGraw-Hill, New York, 2003, <a href=\"https:\/\/en.wikipedia.org\/wiki\/ISBN_(identifier)\">ISBN<\/a>\u00a0<a href=\"https:\/\/en.wikipedia.org\/wiki\/Special:BookSources\/0-07-140938-6\">0-07-140938-6<\/a>.<\/li>\n<li><i><\/i><i>Vers la crise du capitalisme am\u00e9ricain?<\/i>, La D\u00e9couverte, Paris, 2007, <a href=\"https:\/\/en.wikipedia.org\/wiki\/ISBN_(identifier)\">ISBN<\/a>\u00a0<a href=\"https:\/\/en.wikipedia.org\/wiki\/Special:BookSources\/978-2-7071-5092-9\">978-2-7071-5092-9<\/a>; reprint: \u00c9ditions du Croquant, Broissieux, 2009, <a href=\"https:\/\/en.wikipedia.org\/wiki\/ISBN_(identifier)\">ISBN<\/a>\u00a0<a href=\"https:\/\/en.wikipedia.org\/wiki\/Special:BookSources\/978-2-914968-62-1\">978-2-914968-62-1<\/a> (English title: Are we Heading for a Crisis of American Capitalism?)<\/li>\n<li><i><\/i><i>L&#8217;implosion. La finance contre l&#8217;\u00e9conomie: ce qu&#8217;annonce et r\u00e9v\u00e8le la crise des subprimes<\/i>, Fayard, Paris, 2008, <a href=\"https:\/\/en.wikipedia.org\/wiki\/ISBN_(identifier)\">ISBN<\/a>\u00a0<a href=\"https:\/\/en.wikipedia.org\/wiki\/Special:BookSources\/978-2-213-63741-9\">978-2-213-63741-9<\/a> (English title: The Implosion. Finance against the Economy: what the Subprime Crisis Foretells and Reveals)<\/li>\n<li><i><\/i><i>La crise. Des subprimes au s\u00e9isme financier plan\u00e9taire<\/i>, Fayard, Paris, 2008, <a href=\"https:\/\/en.wikipedia.org\/wiki\/ISBN_(identifier)\">ISBN<\/a>\u00a0<a href=\"https:\/\/en.wikipedia.org\/wiki\/Special:BookSources\/978-2-213-63860-7\">978-2-213-63860-7<\/a> (English title: The Crisis. From Subprimes to Planetary Seism)<\/li>\n<li><i><\/i><i>L&#8217;argent, mode d&#8217;emploi<\/i>, Fayard, Paris, 2009, <a href=\"https:\/\/en.wikipedia.org\/wiki\/ISBN_(identifier)\">ISBN<\/a>\u00a0<a href=\"https:\/\/en.wikipedia.org\/wiki\/Special:BookSources\/978-2-213-64404-2\">978-2-213-64404-2<\/a> (English title: Money, A Handbook)<\/li>\n<li><i><\/i><i>Comment la v\u00e9rit\u00e9 et la r\u00e9alit\u00e9 furent invent\u00e9es<\/i>, Gallimard, Paris 2009, <a href=\"https:\/\/en.wikipedia.org\/wiki\/ISBN_(identifier)\">ISBN<\/a>\u00a0<a href=\"https:\/\/en.wikipedia.org\/wiki\/Special:BookSources\/978-2-07-012600-2\">978-2-07-012600-2<\/a> (English title: How Truth and Reality Were Invented)<\/li>\n<li><i><\/i><i>Le prix<\/i>, \u00c9ditions du Croquant, Broissieux, 2010, <a href=\"https:\/\/en.wikipedia.org\/wiki\/ISBN_(identifier)\">ISBN<\/a>\u00a0<a href=\"https:\/\/en.wikipedia.org\/wiki\/Special:BookSources\/978-2-914968-78-2\">978-2-914968-78-2<\/a> (English title: Price)<\/li>\n<li><i><\/i><i>Le capitalisme \u00e0 l&#8217;agonie<\/i>, Fayard, Paris, 2011, <a href=\"https:\/\/en.wikipedia.org\/wiki\/ISBN_(identifier)\">ISBN<\/a>\u00a0<a href=\"https:\/\/en.wikipedia.org\/wiki\/Special:BookSources\/978-2-213-65488-1\">978-2-213-65488-1<\/a> (English title: The Promised Death of Capitalism).<\/li>\n<li><i><\/i><i>La guerre civile num\u00e9rique<\/i>, Textuel, Paris, 2011, <a href=\"https:\/\/en.wikipedia.org\/wiki\/ISBN_(identifier)\">ISBN<\/a>\u00a0<a href=\"https:\/\/en.wikipedia.org\/wiki\/Special:BookSources\/978-2-84597-420-3\">978-2-84597-420-3<\/a>.<\/li>\n<li><i><\/i><i>Mis\u00e8re de la pens\u00e9e \u00e9conomique<\/i>, Paris, Fayard, 360 p., 2012 <a href=\"https:\/\/en.wikipedia.org\/wiki\/ISBN_(identifier)\">ISBN<\/a>\u00a0<a href=\"https:\/\/en.wikipedia.org\/wiki\/Special:BookSources\/978-2-213-66631-0\">978-2-213-66631-0<\/a><\/li>\n<li><i><\/i><i>La survie de l&#8217;esp\u00e8ce <\/i>(avec Gr\u00e9gory Makl\u00e8s), Paris, Futuropolis, 2012 <a href=\"https:\/\/en.wikipedia.org\/wiki\/ISBN_(identifier)\">ISBN<\/a>\u00a0<a href=\"https:\/\/en.wikipedia.org\/wiki\/Special:BookSources\/978-2754807258\">978-2754807258<\/a>\n<ul>\n<li><i><\/i>Deutsch: <i>Das \u00dcberleben der Spezies. Eine kritische, aber nicht ganz hoffnungslose Betrachtung des Kapitalismus<\/i> (Egmont Graphic Novel, K\u00f6ln, 2014)<\/li>\n<\/ul>\n<\/li>\n<li><i><\/i><i>Comprendre les temps qui sont les n\u00f4tres<\/i>, Paris, Odile Jacob, 2014 <a href=\"https:\/\/en.wikipedia.org\/wiki\/ISBN_(identifier)\">ISBN<\/a>\u00a0<a href=\"https:\/\/en.wikipedia.org\/wiki\/Special:BookSources\/978-2738130891\">978-2738130891<\/a><\/li>\n<li><i><\/i><i>Penser l&#8217;\u00e9conomie autrement<\/i> (with Bruno Colmant), Paris, Fayard, 2014 <a href=\"https:\/\/en.wikipedia.org\/wiki\/ISBN_(identifier)\">ISBN<\/a>\u00a0<a href=\"https:\/\/en.wikipedia.org\/wiki\/Special:BookSources\/2213682267\">2213682267<\/a><\/li>\n<li><i><\/i><i>Penser tout haut l&#8217;\u00e9conomie avec Keynes<\/i>, Paris, Odile Jacob, 2015 <a href=\"https:\/\/en.wikipedia.org\/wiki\/ISBN_(identifier)\">ISBN<\/a>\u00a0<a href=\"https:\/\/en.wikipedia.org\/wiki\/Special:BookSources\/2738133088\">2738133088<\/a><\/li>\n<li><i><\/i><i>Le dernier qui s&#8217;en va \u00e9teint la lumi\u00e8re<\/i>, Paris, Fayard, 2016 <a href=\"https:\/\/en.wikipedia.org\/wiki\/ISBN_(identifier)\">ISBN<\/a>\u00a0<a href=\"https:\/\/en.wikipedia.org\/wiki\/Special:BookSources\/9782213699035\">9782213699035<\/a>\n<ul>\n<li><i><\/i>Deutsch: <i>Der Letzte macht das Licht aus. Ein Essay \u00fcber die Ausl\u00f6schung der menschlichen Spezies<\/i> (Zweitausendeins, Leipzig, 2018)<\/li>\n<\/ul>\n<\/li>\n<li><i><\/i><i>Se d\u00e9barrasser du capitalisme est une question de survie<\/i>, Paris, Fayard, 2017 <a href=\"https:\/\/en.wikipedia.org\/wiki\/ISBN_(identifier)\">ISBN<\/a>\u00a0<a href=\"https:\/\/en.wikipedia.org\/wiki\/Special:BookSources\/9782213706429\">9782213706429<\/a><\/li>\n<li><i><\/i><i>\u00c0 quoi bon penser \u00e0 l&#8217;heure du grand collapse\u00a0?<\/i>, Paris, Fayard, collection \u00ab\u00a0Documents\u00a0\u00bb, 2017 <a href=\"https:\/\/en.wikipedia.org\/wiki\/ISBN_(identifier)\">ISBN<\/a>\u00a0<a href=\"https:\/\/en.wikipedia.org\/wiki\/Special:BookSources\/2213705518\">2213705518<\/a>\n<ul>\n<li><i><\/i>Deutsch: <i>Nur Mut! Kritisches Denken im Angesicht der Katastrophe<\/i> (Zweitausendeins, Leipzig, 2019)<\/li>\n<\/ul>\n<\/li>\n<li><i><\/i><i>Vers un nouveau monde<\/i>, Waterloo, Renaissance du livre, 2017 <a href=\"https:\/\/en.wikipedia.org\/wiki\/ISBN_(identifier)\">ISBN<\/a>\u00a0<a href=\"https:\/\/en.wikipedia.org\/wiki\/Special:BookSources\/2507055251\">2507055251<\/a><\/li>\n<li><i><\/i><i>D\u00e9fense et illustration du genre humain<\/i>, Paris, Fayard, collection \u00ab\u00a0Documents\u00a0\u00bb, 2018 <a href=\"https:\/\/en.wikipedia.org\/wiki\/ISBN_(identifier)\">ISBN<\/a>\u00a0<a href=\"https:\/\/en.wikipedia.org\/wiki\/Special:BookSources\/978-2-213-70189-9\">978-2-213-70189-9<\/a>\n<ul>\n<li><i><\/i>Deutsch: <i>Im Zweifel f\u00fcr die Menschheit. Verteidigung einer Spezies am Abgrund <\/i>(Zweitausendeins, Leipzig, 2019) ISBN 978-3-96318-039-<\/li>\n<\/ul>\n<\/li>\n<li><i><\/i><i>Comment sauver le genre humain<\/i>, (with Vincent Burnand-Galpin), Paris, Fayard, 2020 <a href=\"https:\/\/en.wikipedia.org\/wiki\/ISBN_(identifier)\">ISBN<\/a>\u00a0<a href=\"https:\/\/en.wikipedia.org\/wiki\/Special:BookSources\/978-2213716848\">978-2213716848<\/a><\/li>\n<li>(Editor): <i>Humanism and its Discontents. The Rise of Transhumanism and Posthumanism<\/i>, London, Palgrave Macmillan, 2022\u00a0<small>(<a title=\"International Standard Book Number\" href=\"https:\/\/fr.wikipedia.org\/wiki\/International_Standard_Book_Number\">ISBN<\/a>\u00a0<a title=\"Sp\u00e9cial:Ouvrages de r\u00e9f\u00e9rence\/978-3-030-67003-0\" href=\"https:\/\/fr.wikipedia.org\/wiki\/Sp%C3%A9cial:Ouvrages_de_r%C3%A9f%C3%A9rence\/978-3-030-67003-0\"><span class=\"nowrap\">978-3-030-67003-0<\/span><\/a>)<\/small>.<\/li>\n<li><i>L&#8217;av\u00e8nement de la\u00a0<a title=\"Singularit\u00e9 technologique\" href=\"https:\/\/fr.wikipedia.org\/wiki\/Singularit%C3%A9_technologique\">singularit\u00e9<\/a>. L&#8217;humain \u00e9branl\u00e9 par l&#8217;intelligence artificielle<\/i>, Paris, Textuel, Collection \u00ab\u00a0Petite Encyclop\u00e9die Critique\u00a0\u00bb, 2024\u00a0<small>(<a title=\"International Standard Book Number\" href=\"https:\/\/fr.wikipedia.org\/wiki\/International_Standard_Book_Number\">ISBN<\/a>\u00a0<a title=\"Sp\u00e9cial:Ouvrages de r\u00e9f\u00e9rence\/978-2-38629-000-8\" href=\"https:\/\/fr.wikipedia.org\/wiki\/Sp%C3%A9cial:Ouvrages_de_r%C3%A9f%C3%A9rence\/978-2-38629-000-8\"><span class=\"nowrap\">978-2-38629-000-8<\/span><\/a>)<\/small>.<\/li>\n<\/ul>\n<\/li>\n<\/ul>\n<\/li>\n<\/ul>\n<\/li>\n<\/ul>\n<\/li>\n<\/ul>\n","protected":false},"excerpt":{"rendered":"<p><b>Paul Jean Maurice Jorion<\/b><\/p>\n<p>Born on July 22d 1946 at Ixelles (Brussels), of Belgian nationality<\/p>\n<p><a href=\"http:\/\/en.wikipedia.org\/wiki\/Paul_Jorion\">Paul Jorion<\/a>\u00a0is, since March 1, 2016, Associate Professor of the Faculties of the <i>Catholic University of Lille<\/i>. He is President of <a href=\"https:\/\/www.pribor.io\/\" target=\"_blank\" rel=\"noopener\">pribor<\/a>, an artificial intelligence start-up developing SAM (<em>Self-Aware Machine<\/em>). He is also a columnist for [&hellip;]<\/p>\n","protected":false},"author":1,"featured_media":0,"parent":0,"menu_order":0,"comment_status":"closed","ping_status":"open","template":"","meta":{"_crdt_document":"","footnotes":""},"class_list":["post-2","page","type-page","status-publish","hentry"],"_links":{"self":[{"href":"https:\/\/www.pauljorion.com\/blog_en\/wp-json\/wp\/v2\/pages\/2","targetHints":{"allow":["GET"]}}],"collection":[{"href":"https:\/\/www.pauljorion.com\/blog_en\/wp-json\/wp\/v2\/pages"}],"about":[{"href":"https:\/\/www.pauljorion.com\/blog_en\/wp-json\/wp\/v2\/types\/page"}],"author":[{"embeddable":true,"href":"https:\/\/www.pauljorion.com\/blog_en\/wp-json\/wp\/v2\/users\/1"}],"replies":[{"embeddable":true,"href":"https:\/\/www.pauljorion.com\/blog_en\/wp-json\/wp\/v2\/comments?post=2"}],"version-history":[{"count":26,"href":"https:\/\/www.pauljorion.com\/blog_en\/wp-json\/wp\/v2\/pages\/2\/revisions"}],"predecessor-version":[{"id":1909,"href":"https:\/\/www.pauljorion.com\/blog_en\/wp-json\/wp\/v2\/pages\/2\/revisions\/1909"}],"wp:attachment":[{"href":"https:\/\/www.pauljorion.com\/blog_en\/wp-json\/wp\/v2\/media?parent=2"}],"curies":[{"name":"wp","href":"https:\/\/api.w.org\/{rel}","templated":true}]}}