{"id":242,"date":"2010-12-21T18:26:11","date_gmt":"2010-12-21T17:26:11","guid":{"rendered":"http:\/\/www.pauljorion.com\/blog_en\/?page_id=242"},"modified":"2013-06-24T19:31:47","modified_gmt":"2013-06-24T17:31:47","slug":"my-books","status":"publish","type":"page","link":"https:\/\/www.pauljorion.com\/blog_en\/my-books\/","title":{"rendered":"My Books"},"content":{"rendered":"<p>(Translation to come!)<\/p>\n<blockquote><p><strong><a href=\"http:\/\/atheles.org\/editionsducroquant\/horscollection\/lespecheursdhouat\/index.html\">Les p\u00eacheurs d&#8217;Houat<\/a><\/strong> (Hermann 1983 ; \u00e9ditions du Croquant 2012)<\/p><\/blockquote>\n<p>Mon premier livre, un extrait de ma th\u00e8se de 3<sup>e<\/sup> cycle, consacr\u00e9 \u00e0 une petite communaut\u00e9 de p\u00eacheurs et leurs familles, sur l&#8217;\u00cele de Houat, au large des c\u00f4tes bretonnes. Originellement publi\u00e9 en 1983 par Hermann, et republi\u00e9 en 2012 par les \u00c9ditions de Croquant, avec un nouvel avant-propos.<\/p>\n<blockquote><p><a href=\"http:\/\/www.editions-msh.fr\/livre\/?GCOI=27351100297270\"><strong>La transmission des savoirs<\/strong><\/a>, avec G. Delbos (\u00c9ditions de la Maison des Sciences de l&#8217;Homme 1984 ; 1991 ; 2009)<\/p><\/blockquote>\n<p>Publi\u00e9 en 1984. Nous nous int\u00e9ressons aux savoirs traditionnels en Bretagne dans les domaines de la p\u00eache artisanale, de l\u2019ostr\u00e9iculture et de la saliculture. Nous comparons ces savoirs au savoir scientifique et nous examinons comment ils sont transmis. (Amazon semble croire que le livre est \u00e9puis\u00e9 \u2013 la vignette est celle de la r\u00e9\u00e9dition de 1991 \u2013 mais il ne faut pas se laisser impressionner !)<\/p>\n<blockquote><p><a href=\"http:\/\/atheles.org\/editionsducroquant\/horscollection\/principesdessystemesintelligents\/index.html\" target=\"_blank\">Principes des syst\u00e8mes intelligents<\/a> (Masson 1989 ; \u00e9ditions du Croquant 2012)<\/p><\/blockquote>\n<p>Sont d\u00e9crits les principes qui font que le comportement verbal d\u2019un ordinateur appara\u00eetra \u00ab intelligent \u00bb \u00e0 son interlocuteur humain. L\u2019originalit\u00e9 du livre est qu\u2019au lieu de partir d\u2019une compr\u00e9hension intuitive de ce qu\u2019est l\u2019intelligence, il prend pour mod\u00e8le la \u00ab m\u00e9tapsychologie \u00bb freudienne compl\u00e9t\u00e9e par Lacan. L\u2019intelligence se trouve du coup simul\u00e9e par une dynamique d\u2019affect appliqu\u00e9e \u00e0 un univers de mots. Le syst\u00e8me ANELLA, que j&#8217;ai mis au point pour British Telecom, faisait cela.<\/p>\n<blockquote><p><a href=\"http:\/\/www.amazon.fr\/Investing-Post-Enron-World-Paul-Jorion\/dp\/0071409386\/ref=sr_1_2?s=english-books&#038;ie=UTF8&#038;qid=1357151999&#038;sr=1-2\"><strong>Investing in a Post-Enron World<\/strong><\/a> (McGraw-Hill 2003)<\/p><\/blockquote>\n<p>Publi\u00e9 en f\u00e9vrier 2003, mon livre en anglais sur l\u2019affaire Enron. Bien qu\u2019il s\u2019agisse ici davantage de fraude que d\u2019incomp\u00e9tence comme dans la crise actuelle, un livre qui restera d\u2019une grande actualit\u00e9 tant qu\u2019il y aura de la finance.<\/p>\n<blockquote><p><strong><a href=\"http:\/\/atheles.org\/editionsducroquant\/dynamiquessocioeconomiques\/lacriseducapitalismeamericain\/index.html\">La crise du capitalisme am\u00e9ricain<\/a><\/strong> (La D\u00e9couverte 2007 ; \u00e9ditions du Croquant 2009)<\/p><\/blockquote>\n<p>\u00c9crit en 2004-2005, publi\u00e9 en janvier 2007. &#8220;Le livre qui a annonc\u00e9 la crise&#8221;. L\u2019ouvrage explique pourquoi il y a aura une grande crise du capitalisme am\u00e9ricain. Le surendettement des m\u00e9nages am\u00e9ricains. La disparit\u00e9 des revenus aux \u00c9tats\u2013Unis. L\u2019industrie du cr\u00e9dit hypoth\u00e9caire et ses abus. La dynamique des bulles financi\u00e8res. Les \u00c9tats\u2013Unis otages de la Chine.<\/p>\n<blockquote><p><strong><a href=\"http:\/\/www.amazon.fr\/Limplosion-finance-contre-l\u00e9conomie-subprimes\/dp\/2213637415\/ref=pd_bxgy_b_img_b\">L\u2019implosion. La finance contre l\u2019\u00e9conomie : ce que r\u00e9v\u00e8le et annonce la &#8220;crise des subprimes&#8221;<\/a><\/strong> (Fayard 2008)<\/p><\/blockquote>\n<p>Publi\u00e9 en mai 2008. Pourquoi les <em>subprimes<\/em> sont-ils \u00e0 l\u2019origine d\u2019une crise majeure ? Les diff\u00e9rents types de cr\u00e9dits hypoth\u00e9caires et leur r\u00f4le dans la dynamique de la bulle. Pourquoi il \u00e9tait rationnel d\u2019aider les pauvres \u00e0 acheter des maisons. Pourquoi Greenspan n\u2019y est pour rien. Une chronique au jour le jour : de la d\u00e9pr\u00e9ciation des titres adoss\u00e9s \u00e0 des cr\u00e9dits hypoth\u00e9caires, au tarissement du cr\u00e9dit de l\u2019\u00e9t\u00e9 2007. Une constitution pour l&#8217;\u00e9conomie.<\/p>\n<blockquote><p><strong><a href=\"http:\/\/www.amazon.fr\/crise-subprimes-s\u00e9isme-financier-plan\u00e9taire\/dp\/2213638608\/ref=pd_sim_b_2\">La crise. Des subprimes au s\u00e9isme financier plan\u00e9taire<\/a><\/strong> (Fayard 2008)<\/p><\/blockquote>\n<p>Publi\u00e9 en novembre 2008. L\u2019ann\u00e9e de l\u2019explosion : une chronique au jour le jour. La sp\u00e9culation sur les mati\u00e8res premi\u00e8res. J\u00e9rome Kerviel. Le salaire des traders et\u2026 celui des autres. Mon exp\u00e9rience chez IndyMac et Countrywide. La fin du capitalisme ?<\/p>\n<blockquote><p><strong><a href=\"http:\/\/www.amazon.fr\/Largent-mode-demploi-Paul-Jorion\/dp\/2213644047\/ref=sr_1_1?ie=UTF8&amp;s=books&amp;qid=1258195186&amp;sr=1-1\">L\u2019argent, mode d\u2019emploi<\/a><\/strong> (Fayard 2009)<\/p><\/blockquote>\n<p>Publi\u00e9 en octobre 2009. L&#8217;argent dans ma poche. Argent et dette. Les int\u00e9r\u00eats. L\u2019argent dans nos esprits. D\u2019o\u00f9 vient l\u2019id\u00e9e que les banques commerciales cr\u00e9ent de l\u2019argent ? Les banques centrales. La titrisation pour d\u00e9butants. Madoff : la \u00ab cavalerie \u00bb ou \u00ab machine de Ponzi \u00bb. L\u2019argent comme probl\u00e8me pour vous et moi. La sp\u00e9culation. Pourquoi interdire les paris sur les fluctuations de prix ? <em>L\u2019argent<\/em> d\u2019\u00c9mile Zola.<\/p>\n<blockquote><p><strong><a href=\"http:\/\/www.amazon.fr\/Comment-v\u00e9rit\u00e9-r\u00e9alit\u00e9-furent-invent\u00e9es\/dp\/2070126005\/ref=pd_bxgy_b_img_b\">Comment la v\u00e9rit\u00e9 et la r\u00e9alit\u00e9 furent invent\u00e9es<\/a><\/strong> (Gallimard 2009)<\/p><\/blockquote>\n<p>Publi\u00e9 en novembre 2009. La v\u00e9rit\u00e9 et la r\u00e9alit\u00e9 ne sont pas les notions \u00e9videntes que l\u2019on pourrait penser : elles sont apparues \u00e0 des moments pr\u00e9cis au sein de la culture occidentale et nous connaissons l\u2019histoire complexe de leur apparition. Seul probl\u00e8me, dont les difficult\u00e9s deviennent de plus en plus visibles, elles supposent une confusion dangereuse entre l\u2019univers math\u00e9matique des nombres et la \u00ab R\u00e9alit\u00e9-objective \u00bb.<\/p>\n<blockquote><p><strong><a href=\"http:\/\/atheles.org\/editionsducroquant\/dynamiquessocioeconomiques\/leprix\/index.html\">Le prix<\/a><\/strong> (\u00e9ditions du Croquant 2010)<\/p><\/blockquote>\n<p>Publi\u00e9 en septembre 2010. La synth\u00e8se de mes recherches sur la formation des prix, conduites pendant plus de trente ans des cri\u00e9es bretonnes aux salles de march\u00e9, en passant par les plages africaines. Comme Aristote l\u2019avait d\u00e9j\u00e0 not\u00e9, le prix se forme selon le rapport de force existant entre l\u2019acheteur et le vendeur. De cette mani\u00e8re, l\u2019ordre social se reproduit \u00e0 l\u2019identique.<\/p>\n<blockquote><p><strong><a href=\"http:\/\/www.amazon.fr\/Capitalisme-\u00e0-lagonie-Paul-Jorion\/dp\/2213654883\/ref=sr_1_1?s=books&#038;ie=UTF8&#038;qid=1300023158&#038;sr=1-1\">Le capitalisme \u00e0 l&#8217;agonie<\/a><\/strong> (Fayard 2011)<\/p><\/blockquote>\n<p>Publi\u00e9 en mars 2011. Du fait du versement d\u2019int\u00e9r\u00eats par ceux qui sont oblig\u00e9s d\u2019emprunter, le capitalisme engendre in\u00e9luctablement une concentration de la richesse telle que le syst\u00e8me ne peut manquer de se gripper un jour ou l\u2019autre. Nous ne traversons pas l\u2019une des crises habituelles du capitalisme, mais sa crise majeure, celle de son essoufflement final, et pour tout dire celle de sa chute.<\/p>\n<blockquote><p><strong><a href=\"http:\/\/www.amazon.fr\/guerre-civile-num\u00e9rique-Paul-Jorion\/dp\/2845974205\/ref=pd_sim_b_3\">La guerre civile num\u00e9rique<\/a><\/strong> (Textuel 2011)<\/p><\/blockquote>\n<p>Publi\u00e9 en mai 2011. La guerre a \u00e9t\u00e9 d\u00e9clar\u00e9e par PayPal et Mastercard quand ils ont cess\u00e9 d&#8217;accepter les dons faits \u00e0 Wikileaks, et le gouvernement am\u00e9ricain soutenait leur initiative. Une coalition de grosses compagnies et de gouvernements ont d\u00e9clar\u00e9 la guerre aux citoyens ordinaires. Comment tout cela finira-t-il ?<\/p>\n<blockquote><p><strong><a href=\"http:\/\/www.amazon.fr\/Mis%C3%A8re-pens%C3%A9e-%C3%A9conomique-Paul-Jorion\/dp\/2213666318\/ref=zg_bs_406020_2\">Mis\u00e8re de la pens\u00e9e \u00e9conomique<\/a><\/strong> (Fayard 2012)<\/p><\/blockquote>\n<p>Le monde est entra\u00een\u00e9 aujourd&#8217;hui dans une catastrophe o\u00f9 trois forces se combinent en une machine infernale : l&#8217;aboutissement du comportement colonisateur de notre esp\u00e8ce, une complexit\u00e9 dont la ma\u00eetrise nous \u00e9chappe d\u00e9sormais, et la &#8220;machine \u00e0 concentrer la richesse&#8221; que constituent nos syst\u00e8mes \u00e9conomiques. Pourquoi n&#8217;avons-nous pas vu se dessiner cette catastrophe ? Parce que la &#8220;science&#8221; \u00e9conomique que nous avons construite durant les cent cinquante derni\u00e8res ann\u00e9es &#8211; discours \u00e0 l&#8217;usage des financiers et \u00e0 l&#8217;intention des politiques &#8211; regardait ailleurs et parlait d&#8217;autre chose.<\/p>\n<blockquote><p><a href=\"http:\/\/www.amazon.fr\/La-survie-lesp%C3%A8ce-Paul-Jorion\/dp\/275480725X\/ref=pd_bxgy_b_img_b\"><strong>La survie de l&#8217;esp\u00e8ce<\/strong><\/a>, avec G. Makl\u00e8s (Futuropolis \/ Arte 2012)<\/p><\/blockquote>\n<p>Comment parler autrement, et en s&#8217;adressant \u00e0 un public plus vaste, des questions que je couvre dans mes livres consacr\u00e9s \u00e0 la crise ? Par le biais de la bande dessin\u00e9e. L&#8217;id\u00e9e en revient \u00e0 Gr\u00e9gory Makl\u00e8s, qui a su comment faire mouche dans des transpositions subtiles de mes th\u00e8mes sous une forme graphique. On s&#8217;apercevra, comme une divine surprise, que quand je serai mort et enterr\u00e9, il pourra continuer tout seul, les doigts dans le nez !<\/p>\n","protected":false},"excerpt":{"rendered":"<p>(Translation to come!)<\/p>\n<blockquote>\n<p><strong><a href=\"http:\/\/atheles.org\/editionsducroquant\/horscollection\/lespecheursdhouat\/index.html\">Les p\u00eacheurs d&#8217;Houat<\/a><\/strong> (Hermann 1983 ; \u00e9ditions du Croquant 2012)<\/p>\n<\/blockquote>\n<p>Mon premier livre, un extrait de ma th\u00e8se de 3<sup>e<\/sup> cycle, consacr\u00e9 \u00e0 une petite communaut\u00e9 de p\u00eacheurs et leurs familles, sur l&#8217;\u00cele de Houat, au large des c\u00f4tes bretonnes. Originellement publi\u00e9 en 1983 par Hermann, et republi\u00e9 en 2012 par [&hellip;]<\/p>\n","protected":false},"author":1,"featured_media":0,"parent":0,"menu_order":0,"comment_status":"closed","ping_status":"open","template":"","meta":{"_crdt_document":"","footnotes":""},"class_list":["post-242","page","type-page","status-publish","hentry"],"_links":{"self":[{"href":"https:\/\/www.pauljorion.com\/blog_en\/wp-json\/wp\/v2\/pages\/242","targetHints":{"allow":["GET"]}}],"collection":[{"href":"https:\/\/www.pauljorion.com\/blog_en\/wp-json\/wp\/v2\/pages"}],"about":[{"href":"https:\/\/www.pauljorion.com\/blog_en\/wp-json\/wp\/v2\/types\/page"}],"author":[{"embeddable":true,"href":"https:\/\/www.pauljorion.com\/blog_en\/wp-json\/wp\/v2\/users\/1"}],"replies":[{"embeddable":true,"href":"https:\/\/www.pauljorion.com\/blog_en\/wp-json\/wp\/v2\/comments?post=242"}],"version-history":[{"count":3,"href":"https:\/\/www.pauljorion.com\/blog_en\/wp-json\/wp\/v2\/pages\/242\/revisions"}],"predecessor-version":[{"id":1160,"href":"https:\/\/www.pauljorion.com\/blog_en\/wp-json\/wp\/v2\/pages\/242\/revisions\/1160"}],"wp:attachment":[{"href":"https:\/\/www.pauljorion.com\/blog_en\/wp-json\/wp\/v2\/media?parent=242"}],"curies":[{"name":"wp","href":"https:\/\/api.w.org\/{rel}","templated":true}]}}